{"id":22,"date":"2021-03-11T15:49:25","date_gmt":"2021-03-11T20:49:25","guid":{"rendered":"https:\/\/bhca.ca\/site\/?page_id=22"},"modified":"2025-03-19T16:11:58","modified_gmt":"2025-03-19T21:11:58","slug":"newsletter","status":"publish","type":"page","link":"https:\/\/bhca.ca\/site\/newsletter\/","title":{"rendered":"Newsletter"},"content":{"rendered":"<div class=\"display_archive\">\n<h4>Events, hosted by BHCA, will be updated and posted here following the March 30th, 2025 BHCA Annual General Meeting.<\/p>\n<p>2024-04-12 &#8211; <a title=\"Big Beacon Hill Garage Sale + Clean Up The Capital! \ud83d\udcaa\ud83c\udf33\ud83e\uddf9\" href=\"http:\/\/eepurl.com\/iN0gZs\" target=\"_blank\" rel=\"noopener\">Big Beacon Hill Garage Sale + Clean Up The Capital! \ud83d\udcaa\ud83c\udf33\ud83e\uddf9<\/a><\/h4>\n<p>2024-03-19 &#8211; <a title=\"\ud83c\udf37Spring Festival, Clean Up The Capital, and More! \ud83c\udf37\" href=\"http:\/\/eepurl.com\/iMpuAA\" target=\"_blank\" rel=\"noopener\">\ud83c\udf37Spring Festival, Clean Up The Capital, and More! \ud83c\udf37<\/a><\/p>\n<p>2024-02-07 &#8211; <a title=\"Trivia Night, Free Skate, and Pancakes!\" href=\"http:\/\/eepurl.com\/iJD-BQ\" target=\"_blank\" rel=\"noopener\">Trivia Night, Free Skate, and Pancakes!<\/a><\/p>\n<p>2024-10-25 &#8211; <a title=\"Coming Up: Halloween Party \ud83d\udc7b and AGM Updates \ud83d\uddd3\ufe0f\" href=\"http:\/\/eepurl.com\/iCA02M\" target=\"_blank\" rel=\"noopener\">Coming Up: Halloween Party \ud83d\udc7b and AGM Updates \ud83d\uddd3\ufe0f<\/a><\/p>\n<p>2023-09-14 &#8211; <a title=\"Join us for Movies in the Park! \ud83d\udcfd\ufe0f\ud83c\udf20\" href=\"http:\/\/eepurl.com\/izD5w6\" target=\"_blank\" rel=\"noopener\">Join us for Movies in the Park! \ud83d\udcfd\ufe0f\ud83c\udf20<\/a><\/p>\n<p>2023-07-02 &#8211; <a title=\"Canada Day Fireworks Tonight!!!\" href=\"http:\/\/eepurl.com\/iuK7HA\" target=\"_blank\" rel=\"noopener\">Canada Day Fireworks Tonight!!!<\/a><\/p>\n<p>2023-07-01 &#8211; <a title=\"ALL FIREWORKS POSTPONED!\" href=\"http:\/\/eepurl.com\/iuIZQA\" target=\"_blank\" rel=\"noopener\">ALL FIREWORKS POSTPONED!<\/a><\/p>\n<p>2023-06-29 &#8211; <a title=\"Beacon Hill (F\u00eate du) CANADA (Day) 2023\" href=\"http:\/\/eepurl.com\/iuBc2-\/\" target=\"_blank\" rel=\"noopener\">Beacon Hill (F\u00eate du) CANADA (Day) 2023<\/a><\/p>\n<p>2023-06-27 &#8211; <a title=\"Open Board Meeting Tonight! Agenda and link inside.\u2705\" href=\"http:\/\/eepurl.com\/iumF1s\" target=\"_blank\" rel=\"noopener\">Open Board Meeting Tonight! Agenda and link inside.\u2705<\/a><\/p>\n<p>2023-06-08 &#8211; <a title=\"\ud83c\udf86Fireworks, upcoming Board Meeting, and Clean-up the Capital!\" href=\"http:\/\/eepurl.com\/is2G7w\" target=\"_blank\" rel=\"noopener\">\ud83c\udf86Fireworks, upcoming Board Meeting, and Clean-up the Capital!<\/a><\/p>\n<p>2023-04-04 &#8211; <a title=\"BHCA Newsletter Apr 2023 - Infolettre avril 2023\" href=\"http:\/\/eepurl.com\/iorxUQ\" target=\"_blank\" rel=\"noopener\">BHCA Newsletter Apr 2023 &#8211; Infolettre avril 2023<\/a><\/p>\n<p>2023-03-08 &#8211; <a title=\"BHCA Newsletter Mar 2023 - Infolettre mars 2023\" href=\"http:\/\/eepurl.com\/impDxc\" target=\"_blank\" rel=\"noopener\">BHCA Newsletter Mar 2023 &#8211; Infolettre mars 2023<\/a><\/p>\n<p>2023-02-17 &#8211; <a title=\"BHCA Newsletter Feb 2023 - Infolettre f\u00e9v 2023\" href=\"http:\/\/eepurl.com\/ikWAar\" target=\"_blank\" rel=\"noopener\">BHCA Newsletter Feb 2023 &#8211; Infolettre f\u00e9v 2023<\/a><\/p>\n<p>2022-10-19 &#8211; <a title=\"Municipal Elections Video Debate\" href=\"http:\/\/eepurl.com\/ibMrxb\" target=\"_blank\" rel=\"noopener\">Municipal Elections Video Debate<\/a><\/p>\n<p>2022-09-30 &#8211; <a title=\"BHCA Newsletter - September 2022\" href=\"http:\/\/eepurl.com\/iajZbj\" target=\"_blank\" rel=\"noopener\">BHCA Newsletter &#8211; September 2022<\/a><\/p>\n<p>2022-06-14 &#8211; <a title=\"BHCA Newsletter June 2022 - Infolettre juin 2022\" href=\"http:\/\/eepurl.com\/h4j8WL\" target=\"_blank\" rel=\"noopener\">BHCA Newsletter June 2022 &#8211; Infolettre juin 2022<\/a><\/p>\n<p>2022-06-30 &#8211; <a title=\"BHCA Canada Day Special Newsletter - Infolettre sp\u00e9ciale de la f\u00eate du Canada\" href=\"http:\/\/eepurl.com\/h5GLhL\" target=\"_blank\" rel=\"noopener\">BHCA Canada Day Special Newsletter &#8211; Infolettre sp\u00e9ciale de la f\u00eate du Canada<\/a><\/p>\n<p>2022-05-25 &#8211; <a title=\"CANCELED: All Candidates Debate Follow-Up\" href=\"http:\/\/eepurl.com\/h2XAH9\" target=\"_blank\" rel=\"noopener\">CANCELED: All Candidates Debate Follow-Up<\/a><\/p>\n<p>2022-05-24 &#8211; <a title=\"CANCELLED: Provincial All-Candidates Debate\" href=\"http:\/\/eepurl.com\/h2QR3P\" target=\"_blank\" rel=\"noopener\">CANCELLED: Provincial All-Candidates Debate<\/a><\/p>\n<p>2022-05-04 &#8211; <a title=\"BHCA Newsletter - May 2022\" href=\"http:\/\/eepurl.com\/h0_oVr\" target=\"_blank\" rel=\"noopener\">BHCA Newsletter &#8211; May 2022<\/a><\/p>\n<p>2022-04-01 &#8211; <a title=\"Reminder: Fireworks Tomorrow! Rappel : Feux d'artifices demain\" href=\"http:\/\/eepurl.com\/hYDAen\" target=\"_blank\" rel=\"noopener\">Reminder: Fireworks Tomorrow! Rappel : Feux d&#8217;artifices demain<\/a><\/p>\n<\/div>\n<p>2022-03-16 &#8211; <a title=\"BHCA Newsletter - March 2022\" href=\"http:\/\/eepurl.com\/hW-vFH\" target=\"_blank\" rel=\"noopener\">BHCA Newsletter &#8211; March 2022<\/a><\/p>\n<div class=\"display_archive\">\n<p>2021-09-16 &#8211;<a title=\"BHCA Newsletter - Debate 2021\" href=\"http:\/\/eepurl.com\/hIt9mn\" target=\"_blank\" rel=\"noopener\"> BHCA Newsletter &#8211; Debate 2021<\/a><\/p>\n<p>2021-09-04 &#8211;<a title=\"Beacon Hill Community Association Newsletter - Septemb(er|re) 2021\" href=\"http:\/\/eepurl.com\/hHy-M5\" target=\"_blank\" rel=\"noopener\"> Beacon Hill Community Association Newsletter &#8211; Septemb(er|re) 2021<\/a><\/p>\n<p>2021-07-09 &#8211;<a title=\"Reminder\/Rappel 1-Car Parade - D\u00e9fil\u00e9 avec un seul v\u00e9hicule\" href=\"http:\/\/eepurl.com\/hDowDj\" target=\"_blank\" rel=\"noopener\"> Reminder\/Rappel 1-Car Parade &#8211; D\u00e9fil\u00e9 avec un seul v\u00e9hicule<\/a><\/p>\n<p>2021-07-05 &#8211; <a title=\"BHCA Newsletter - Delayed 1-Car Parade Back On!\" href=\"http:\/\/eepurl.com\/hC06Lb\" target=\"_blank\" rel=\"noopener\">BHCA Newsletter &#8211; Delayed 1-Car Parade Back On!<\/a><\/p>\n<p>2021-06-26 &#8211; <a title=\"Canada Day 2021 Notice\" href=\"http:\/\/eepurl.com\/hCdjD5\" target=\"_blank\" rel=\"noopener\">Canada Day 2021 Notice<\/a><\/p>\n<p>2021-06-09 &#8211; <a title=\"BHCA Newsletter\/Infolettre - Ju(i)n(e) 2021\" href=\"http:\/\/eepurl.com\/hABBBj\" target=\"_blank\" rel=\"noopener\">BHCA Newsletter\/Infolettre &#8211; Ju(i)n(e) 2021<\/a><\/p>\n<p>2021-04-15 &#8211; <a title=\"Cancelled - Annul\u00e9\" href=\"http:\/\/eepurl.com\/hv26EX\" target=\"_blank\" rel=\"noopener\">Cancelled &#8211; Annul\u00e9<\/a><\/p>\n<p>2021-04-01 &#8211; <a title=\"Beacon Hill Community Association Newsletter - April 2021\" href=\"http:\/\/eepurl.com\/huITY1\" target=\"_blank\" rel=\"noopener\">Beacon Hill Community Association Newsletter &#8211; April 2021<\/a><\/p>\n<p>2020-12-15 &#8211; <a title=\"BHCA Newsletter - Infolettre ACBH - December-D\u00e9cembre 2020\" href=\"http:\/\/eepurl.com\/hlsF05\" target=\"_blank\" rel=\"noopener\">BHCA Newsletter &#8211; Infolettre ACBH &#8211; December-D\u00e9cembre 2020<\/a><\/p>\n<p>2020-09-20 &#8211; <a title=\"Newsletter\/Infolettre - Sep 2020\" href=\"http:\/\/eepurl.com\/hd8dV9\" target=\"_blank\" rel=\"noopener\">Newsletter\/Infolettre &#8211; Sep 2020<\/a><\/p>\n<p>2020-07-01 &#8211; <a title=\"Bonne f\u00eate du Canada! - Happy Canada Day!\" href=\"http:\/\/eepurl.com\/g9cbir\" target=\"_blank\" rel=\"noopener\">Bonne f\u00eate du Canada! &#8211; Happy Canada Day!<\/a><\/p>\n<p>2020-06-25 &#8211; <a title=\"BCHA Newsletter July 2020 - Infolettre Juillet 2020\" href=\"http:\/\/eepurl.com\/g8hF2j\" target=\"_blank\" rel=\"noopener\">BCHA Newsletter July 2020 &#8211; Infolettre Juillet 2020<\/a><\/p>\n<p>2020-06-16 &#8211; <a title=\"Townhall Postponed \/ Assembl\u00e9e Publique report\u00e9e\" href=\"http:\/\/eepurl.com\/g7tuBz\" target=\"_blank\" rel=\"noopener\">Townhall Postponed \/ Assembl\u00e9e Publique report\u00e9e<\/a><\/p>\n<p>2020-06-05 &#8211; <a title=\"BHCA - Newsletter June 2020 - Infolettre Juin 2020\" href=\"http:\/\/eepurl.com\/g3Boe9\" target=\"_blank\" rel=\"noopener\">BHCA &#8211; Newsletter June 2020 &#8211; Infolettre Juin 2020<\/a><\/p>\n<p>2020-05-07 &#8211; <a title=\"BHCA Newsletter\/Infolettre - Ma(y|i) 2020\" href=\"http:\/\/eepurl.com\/g2uKnf\" target=\"_blank\" rel=\"noopener\">BHCA Newsletter\/Infolettre &#8211; Ma(y|i) 2020<\/a><\/p>\n<p>2020-04-09 &#8211; <a title=\"BHCA Newsletter - April 2020 - Infolettre ACBH - Avril 2020\" href=\"http:\/\/eepurl.com\/gY658X\" target=\"_blank\" rel=\"noopener\">BHCA Newsletter &#8211; April 2020 &#8211; Infolettre ACBH &#8211; Avril 2020<\/a><\/p>\n<p>2020-03-12 &#8211; <a title=\"BHCA Newsletter - March 2020\" href=\"http:\/\/eepurl.com\/gU8HuH\" target=\"_blank\" rel=\"noopener\">BHCA Newsletter &#8211; March 2020<\/a><\/p>\n<p>2020-02-24 &#8211; <a title=\"BHCA Supplement \/ Suppl\u00e9ment - By-Election \/ \u00c9lection partielle 2020\" href=\"http:\/\/eepurl.com\/gT9Rq5\" target=\"_blank\" rel=\"noopener\">BHCA Supplement \/ Suppl\u00e9ment &#8211; By-Election \/ \u00c9lection partielle 2020<\/a><\/p>\n<p>2020-02-13 &#8211; <a title=\"REMINDER: All-Candidates Debate! - RAPPEL : d\u00e9bat avec tous les candidat.e.s\" href=\"http:\/\/eepurl.com\/gSVX9T\" target=\"_blank\" rel=\"noopener\">REMINDER: All-Candidates Debate! &#8211; RAPPEL : d\u00e9bat avec tous les candidat.e.s<\/a><\/p>\n<p>2020-02-06 &#8211; <a title=\"Infolettre ACBH - Janvier 2020\" href=\"http:\/\/eepurl.com\/gShqIb\" target=\"_blank\" rel=\"noopener\">Infolettre ACBH &#8211; Janvier 2020<\/a><\/p>\n<p>2020-02-05 &#8211; <a title=\"BHCA Newsletter - January 2020\" href=\"http:\/\/eepurl.com\/gR_f5r\" target=\"_blank\" rel=\"noopener\">BHCA Newsletter &#8211; January 2020<\/a><\/p>\n<p>2019-12-06 &#8211; <a title=\"BHCA Newsletter - D\u00e9cembre 2019\" href=\"http:\/\/eepurl.com\/gL_dGH\" target=\"_blank\" rel=\"noopener\">BHCA Newsletter &#8211; D\u00e9cembre 2019<\/a><\/p>\n<p>2019-12-04 &#8211; <a title=\"BHCA Newsletter - December 2019\" href=\"http:\/\/eepurl.com\/gLEw1P\" target=\"_blank\" rel=\"noopener\">BHCA Newsletter &#8211; December 2019<\/a><\/p>\n<p>2019-11-07 &#8211; <a title=\"BHCA Infolettre - Novembre 2019\" href=\"http:\/\/eepurl.com\/gIZfR1\" target=\"_blank\" rel=\"noopener\">BHCA Infolettre &#8211; Novembre 2019<\/a><\/p>\n<p>2019-11-05 &#8211; <a title=\"BHCA Newsletter - November 2019\" href=\"http:\/\/eepurl.com\/gIkU6z\" target=\"_blank\" rel=\"noopener\">BHCA Newsletter &#8211; November 2019<\/a><\/p>\n<\/div>\n<div class=\"display_archive\">\n<p>2013-01-09 &#8211; <a title=\"BHCA Newsletter for January 2013\" href=\"http:\/\/eepurl.com\/tPrw5\" target=\"_blank\" rel=\"noopener\">BHCA Newsletter for January 2013<\/a><\/p>\n<p>2012-10-30 &#8211; <a title=\"BHCA Newsletter for November 2012\" href=\"http:\/\/eepurl.com\/rbalL\" target=\"_blank\" rel=\"noopener\">BHCA Newsletter for November 2012<\/a><\/p>\n<p>2012-10-02 &#8211; <a title=\"BHCA Newsletter for October 2012\" href=\"http:\/\/eepurl.com\/p9VlL\" target=\"_blank\" rel=\"noopener\">BHCA Newsletter for October 2012<\/a><\/p>\n<p>2012-07-03 &#8211; <a title=\"BHCA Newsletter for July 2012\" href=\"http:\/\/eepurl.com\/njEcP\" target=\"_blank\" rel=\"noopener\">BHCA Newsletter for July 2012<\/a><\/p>\n<p>2012-06-29 &#8211; <a title=\"BHCA Newsletter for Summer 2012\" href=\"http:\/\/eepurl.com\/nc9pH\" target=\"_blank\" rel=\"noopener\">BHCA Newsletter for Summer 2012<\/a><\/p>\n<p>2012-06-07 &#8211; <a title=\"BHCA Newsletter for June 2012\" href=\"http:\/\/eepurl.com\/mywKL\" target=\"_blank\" rel=\"noopener\">BHCA Newsletter for June 2012<\/a><\/p>\n<p>2012-05-23 &#8211; <a title=\"BHCA Newsletter for May 2012 Addenda Sunt\" href=\"http:\/\/eepurl.com\/l7NmD\" target=\"_blank\" rel=\"noopener\">BHCA Newsletter for May 2012 Addenda Sunt<\/a><\/p>\n<p>2012-05-20 &#8211; <a title=\"BHCA Newsletter for May 2012\" href=\"http:\/\/eepurl.com\/lZH8T\" target=\"_blank\" rel=\"noopener\">BHCA Newsletter for May 2012<\/a><\/p>\n<p>2012-05-02 &#8211; <a title=\"Clean Up the Capital 2012\" href=\"http:\/\/eepurl.com\/lsOx1\" target=\"_blank\" rel=\"noopener\">Clean Up the Capital 2012<\/a><\/p>\n<p>2012-04-05 &#8211; <a title=\"BHCA Newsletter for April 2012 (It's a BIG one!)\" href=\"http:\/\/eepurl.com\/kGojz\" target=\"_blank\" rel=\"noopener\">BHCA Newsletter for April 2012 (It&#8217;s a BIG one!)<\/a><\/p>\n<p>2012-02-08 &#8211; <a title=\"BHCA Newsletter for February 2012\" href=\"http:\/\/eepurl.com\/i50cD\" target=\"_blank\" rel=\"noopener\">BHCA Newsletter for February 2012<\/a><\/p>\n<p>2011-09-23 &#8211; <a title=\"BHCA September 2011 Newsletter\" href=\"http:\/\/eepurl.com\/f1qfP\" target=\"_blank\" rel=\"noopener\">BHCA September 2011 Newsletter<\/a><\/p>\n<p>2011-07-07 &#8211; <a title=\"An Urgent Notice to All Residents\" href=\"http:\/\/eepurl.com\/eEu92\" target=\"_blank\" rel=\"noopener\">An Urgent Notice to All Residents<\/a><\/p>\n<p>2011-06-29 &#8211; <a title=\"Canada Day Picnic in the Park\" href=\"http:\/\/eepurl.com\/ewxrY\" target=\"_blank\" rel=\"noopener\">Canada Day Picnic in the Park<\/a><\/p>\n<p>2011-06-16 &#8211; <a title=\"BHCA Newsletter June 2011\" href=\"http:\/\/eepurl.com\/ejAl2\" target=\"_blank\" rel=\"noopener\">BHCA Newsletter June 2011<\/a><\/p>\n<\/div>\n<p>&nbsp;<\/p>\n<p>&nbsp;<\/p>\n<p>&nbsp;<\/p>\n<div class=\"display_archive\">\n<p>* From the Newsletter mailing source: <a href=\"https:\/\/us2.campaign-archive.com\/home\/?u=71d01a747ff238fda8f982e5b&amp;id=f01dca5a21\">https:\/\/us2.campaign-archive.com\/home\/?u=71d01a747ff238fda8f982e5b&amp;id=f01dca5a21<\/a> and <a href=\"https:\/\/us2.campaign-archive.com\/home\/?u=71d01a747ff238fda8f982e5b&amp;id=faa53d373e\">https:\/\/us2.campaign-archive.com\/home\/?u=71d01a747ff238fda8f982e5b&amp;id=faa53d373e<\/a><\/p>\n<\/div>\n","protected":false},"excerpt":{"rendered":"<p>Events, hosted by BHCA, will be updated and posted here following the March 30th, 2025 BHCA Annual General Meeting. 2024-04-12 &#8211; Big Beacon Hill Garage Sale + Clean Up The Capital! \ud83d\udcaa\ud83c\udf33\ud83e\uddf9 2024-03-19 &#8211; \ud83c\udf37Spring Festival, <a class=\"more-link\" href=\"https:\/\/bhca.ca\/site\/newsletter\/\">Continue reading <span class=\"screen-reader-text\">  Newsletter<\/span><span class=\"meta-nav\">&rarr;<\/span><\/a><\/p>\n","protected":false},"author":1,"featured_media":0,"parent":0,"menu_order":0,"comment_status":"closed","ping_status":"closed","template":"","meta":{"footnotes":""},"class_list":["post-22","page","type-page","status-publish","hentry"],"jetpack_sharing_enabled":true,"_links":{"self":[{"href":"https:\/\/bhca.ca\/site\/wp-json\/wp\/v2\/pages\/22","targetHints":{"allow":["GET"]}}],"collection":[{"href":"https:\/\/bhca.ca\/site\/wp-json\/wp\/v2\/pages"}],"about":[{"href":"https:\/\/bhca.ca\/site\/wp-json\/wp\/v2\/types\/page"}],"author":[{"embeddable":true,"href":"https:\/\/bhca.ca\/site\/wp-json\/wp\/v2\/users\/1"}],"replies":[{"embeddable":true,"href":"https:\/\/bhca.ca\/site\/wp-json\/wp\/v2\/comments?post=22"}],"version-history":[{"count":10,"href":"https:\/\/bhca.ca\/site\/wp-json\/wp\/v2\/pages\/22\/revisions"}],"predecessor-version":[{"id":524,"href":"https:\/\/bhca.ca\/site\/wp-json\/wp\/v2\/pages\/22\/revisions\/524"}],"wp:attachment":[{"href":"https:\/\/bhca.ca\/site\/wp-json\/wp\/v2\/media?parent=22"}],"curies":[{"name":"wp","href":"https:\/\/api.w.org\/{rel}","templated":true}]}}